{"id":10799,"date":"2024-10-25T09:09:50","date_gmt":"2024-10-25T09:09:50","guid":{"rendered":"https:\/\/mucaj-herbs.com\/contact\/"},"modified":"2025-04-03T20:09:33","modified_gmt":"2025-04-03T20:09:33","slug":"kontakt","status":"publish","type":"page","link":"https:\/\/mucaj-herbs.com\/sq\/kontakt\/","title":{"rendered":"Kontakt"},"content":{"rendered":"\t\t<div data-elementor-type=\"wp-page\" data-elementor-id=\"10799\" class=\"elementor elementor-10799 elementor-199\" data-elementor-post-type=\"page\">\n\t\t\t\t<div class=\"elementor-element elementor-element-5398416 e-grid e-con-boxed e-con e-parent \" data-id=\"5398416\" data-element_type=\"container\" data-e-type=\"container\">\t\t\t<div class=\"e-con-inner\">\r\n\t\t\t\t<div class=\"elementor-element elementor-element-3e7a89a elementor-view-framed box-shadowfx elementor-shape-circle elementor-mobile-position-block-start elementor-widget elementor-widget-icon-box\" data-id=\"3e7a89a\" data-element_type=\"widget\" data-e-type=\"widget\" data-widget_type=\"icon-box.default\">\n\t\t\t\t<div class=\"elementor-widget-container\">\n\t\t\t\t\t\t\t<div class=\"elementor-icon-box-wrapper\">\n\n\t\t\t\t\t\t<div class=\"elementor-icon-box-icon\">\n\t\t\t\t<span  class=\"elementor-icon\">\n\t\t\t\t<i aria-hidden=\"true\" class=\"icofont icofont-phone\"><\/i>\t\t\t\t<\/span>\n\t\t\t<\/div>\n\t\t\t\n\t\t\t\t\t\t<div class=\"elementor-icon-box-content\">\n\n\t\t\t\t\t\t\t\t\t<h3 class=\"elementor-icon-box-title\">\n\t\t\t\t\t\t<span  >\n\t\t\t\t\t\t\tTel\t\t\t\t\t\t<\/span>\n\t\t\t\t\t<\/h3>\n\t\t\t\t\n\t\t\t\t\t\t\t\t\t<p class=\"elementor-icon-box-description\">\n\t\t\t\t\t\t<a href=\"tel:+355674052716\">+355 67 40 52 716<\/a> <br>\n\n<a href=\"tel:+355697256891\">+355 69 72 56 891<\/a>\n\n\t\t\t\t\t<\/p>\n\t\t\t\t\n\t\t\t<\/div>\n\t\t\t\n\t\t<\/div>\n\t\t\t\t\t\t<\/div>\n\t\t\t\t<\/div>\n\t\t\t\t<div class=\"elementor-element elementor-element-480544e elementor-view-framed box-shadowfx elementor-shape-circle elementor-mobile-position-block-start elementor-widget elementor-widget-icon-box\" data-id=\"480544e\" data-element_type=\"widget\" data-e-type=\"widget\" data-widget_type=\"icon-box.default\">\n\t\t\t\t<div class=\"elementor-widget-container\">\n\t\t\t\t\t\t\t<div class=\"elementor-icon-box-wrapper\">\n\n\t\t\t\t\t\t<div class=\"elementor-icon-box-icon\">\n\t\t\t\t<span  class=\"elementor-icon\">\n\t\t\t\t<i aria-hidden=\"true\" class=\"icofont icofont-envelope\"><\/i>\t\t\t\t<\/span>\n\t\t\t<\/div>\n\t\t\t\n\t\t\t\t\t\t<div class=\"elementor-icon-box-content\">\n\n\t\t\t\t\t\t\t\t\t<h3 class=\"elementor-icon-box-title\">\n\t\t\t\t\t\t<span  >\n\t\t\t\t\t\t\tEmail\t\t\t\t\t\t<\/span>\n\t\t\t\t\t<\/h3>\n\t\t\t\t\n\t\t\t\t\t\t\t\t\t<p class=\"elementor-icon-box-description\">\n\t\t\t\t\t\t<a href=\"mailto:info@mucaj-herbs.com\">info@mucaj-herbs.com<\/a>\n\t\t\t\t\t<\/p>\n\t\t\t\t\n\t\t\t<\/div>\n\t\t\t\n\t\t<\/div>\n\t\t\t\t\t\t<\/div>\n\t\t\t\t<\/div>\n\t\t\t\t<div class=\"elementor-element elementor-element-2f0bb3a elementor-view-framed box-shadowfx elementor-shape-circle elementor-mobile-position-block-start elementor-widget elementor-widget-icon-box\" data-id=\"2f0bb3a\" data-element_type=\"widget\" data-e-type=\"widget\" data-widget_type=\"icon-box.default\">\n\t\t\t\t<div class=\"elementor-widget-container\">\n\t\t\t\t\t\t\t<div class=\"elementor-icon-box-wrapper\">\n\n\t\t\t\t\t\t<div class=\"elementor-icon-box-icon\">\n\t\t\t\t<span  class=\"elementor-icon\">\n\t\t\t\t<i aria-hidden=\"true\" class=\"icofont icofont-google-map\"><\/i>\t\t\t\t<\/span>\n\t\t\t<\/div>\n\t\t\t\n\t\t\t\t\t\t<div class=\"elementor-icon-box-content\">\n\n\t\t\t\t\t\t\t\t\t<h3 class=\"elementor-icon-box-title\">\n\t\t\t\t\t\t<span  >\n\t\t\t\t\t\t\tAdresa\t\t\t\t\t\t<\/span>\n\t\t\t\t\t<\/h3>\n\t\t\t\t\n\t\t\t\t\t\t\t\t\t<p class=\"elementor-icon-box-description\">\n\t\t\t\t\t\tBajze, Malesi e Madhe  4301, Albania\t\t\t\t\t<\/p>\n\t\t\t\t\n\t\t\t<\/div>\n\t\t\t\n\t\t<\/div>\n\t\t\t\t\t\t<\/div>\n\t\t\t\t<\/div>\n\t\t\t\t\t<\/div>\r\n\t\t\t\t<\/div>\r\n\t\t<div class=\"elementor-element elementor-element-20d22cd e-grid e-con-boxed e-con e-parent \" data-id=\"20d22cd\" data-element_type=\"container\" data-e-type=\"container\">\t\t\t<div class=\"e-con-inner\">\r\n\t\t<div class=\"elementor-element elementor-element-6ac3f92 e-con-full box-shadowfx e-flex e-con e-child \" data-id=\"6ac3f92\" data-element_type=\"container\" data-e-type=\"container\" data-settings=\"{&quot;background_background&quot;:&quot;classic&quot;}\">\t\t<div class=\"elementor-element elementor-element-5947525 elementor-widget elementor-widget-pxl_text_editor\" data-id=\"5947525\" data-element_type=\"widget\" data-e-type=\"widget\" data-widget_type=\"pxl_text_editor.default\">\n\t\t\t\t<div class=\"elementor-widget-container\">\n\t\t\t\t\t<div id=\"pxl_text_editor-5947525-6079\" class=\"pxl-image-wg\" duration=\"1\">\n\t<div class=\"pxl-text-editor\">\n\t\t<div class=\"pxl-item--inner \" data-wow-delay=\"ms\">\n\t\t\t<div class=\"elementor-element elementor-element-262e5f4 elementor-widget elementor-widget-heading\" data-id=\"262e5f4\" data-element_type=\"widget\" data-widget_type=\"heading.default\"><div class=\"elementor-widget-container\"><h3 class=\"elementor-heading-title elementor-size-default\">Plotoni formularin p\u00ebr t\u00eb na kontaktuar.<\/h3><\/div><\/div>\t\t\n\t\t<\/div>\n\t<\/div>\n<\/div>\t\t\t\t<\/div>\n\t\t\t\t<\/div>\n\t\t\t\t<div class=\"elementor-element elementor-element-c80a41d elementor-widget elementor-widget-pxl_text_editor\" data-id=\"c80a41d\" data-element_type=\"widget\" data-e-type=\"widget\" data-widget_type=\"pxl_text_editor.default\">\n\t\t\t\t<div class=\"elementor-widget-container\">\n\t\t\t\t\t<div id=\"pxl_text_editor-c80a41d-6981\" class=\"pxl-image-wg\" duration=\"1\">\n\t<div class=\"pxl-text-editor\">\n\t\t<div class=\"pxl-item--inner \" data-wow-delay=\"ms\">\n\t\t\t<div class=\"elementor-element elementor-element-b13426c elementor-widget elementor-widget-text-editor\" data-id=\"b13426c\" data-element_type=\"widget\" data-widget_type=\"text-editor.default\"><div class=\"elementor-widget-container\">Plotoni formularin m\u00eb posht\u00eb p\u00ebr t\u00eb marr\u00eb m\u00eb shum\u00eb informacion rreth sh\u00ebrbimeve tona. Ne jemi gati t&#8217;ju d\u00ebgjojm\u00eb dhe t\u00eb p\u00ebrgjigjemi pyetjeve tuaja. Faleminderit p\u00ebr besimin tuaj.<\/div><\/div>\t\t\n\t\t<\/div>\n\t<\/div>\n<\/div>\t\t\t\t<\/div>\n\t\t\t\t<\/div>\n\t\t\t\t<div class=\"elementor-element elementor-element-191ab39 elementor-button-align-stretch elementor-widget elementor-widget-form\" data-id=\"191ab39\" data-element_type=\"widget\" data-e-type=\"widget\" data-settings=\"{&quot;step_next_label&quot;:&quot;Next&quot;,&quot;step_previous_label&quot;:&quot;Previous&quot;,&quot;button_width&quot;:&quot;100&quot;,&quot;step_type&quot;:&quot;number_text&quot;,&quot;step_icon_shape&quot;:&quot;circle&quot;}\" data-widget_type=\"form.default\">\n\t\t\t\t<div class=\"elementor-widget-container\">\n\t\t\t\t\t\t\t<form class=\"elementor-form\" method=\"post\" name=\"New Form\" aria-label=\"New Form\">\n\t\t\t<input type=\"hidden\" name=\"post_id\" value=\"10799\"\/>\n\t\t\t<input type=\"hidden\" name=\"form_id\" value=\"191ab39\"\/>\n\t\t\t<input type=\"hidden\" name=\"referer_title\" value=\"Kontakt | MUCAJ HERBS\" \/>\n\n\t\t\t\t\t\t\t<input type=\"hidden\" name=\"queried_id\" value=\"10799\"\/>\n\t\t\t\n\t\t\t<div class=\"elementor-form-fields-wrapper elementor-labels-above\">\n\t\t\t\t\t\t\t\t<div class=\"elementor-field-type-text elementor-field-group elementor-column elementor-field-group-name elementor-col-50\">\n\t\t\t\t\t\t\t\t\t\t\t\t\t<input size=\"1\" type=\"text\" name=\"form_fields[name]\" id=\"form-field-name\" class=\"elementor-field elementor-size-sm  elementor-field-textual\" placeholder=\"Emri\">\n\t\t\t\t\t\t\t\t\t\t\t<\/div>\n\t\t\t\t\t\t\t\t<div class=\"elementor-field-type-text elementor-field-group elementor-column elementor-field-group-field_b44f4fa elementor-col-50\">\n\t\t\t\t\t\t\t\t\t\t\t\t\t<input size=\"1\" type=\"text\" name=\"form_fields[field_b44f4fa]\" id=\"form-field-field_b44f4fa\" class=\"elementor-field elementor-size-sm  elementor-field-textual\" placeholder=\"Mbiemri\">\n\t\t\t\t\t\t\t\t\t\t\t<\/div>\n\t\t\t\t\t\t\t\t<div class=\"elementor-field-type-email elementor-field-group elementor-column elementor-field-group-email elementor-col-50 elementor-field-required\">\n\t\t\t\t\t\t\t\t\t\t\t\t\t<input size=\"1\" type=\"email\" name=\"form_fields[email]\" id=\"form-field-email\" class=\"elementor-field elementor-size-sm  elementor-field-textual\" placeholder=\"E-mail\" required=\"required\">\n\t\t\t\t\t\t\t\t\t\t\t<\/div>\n\t\t\t\t\t\t\t\t<div class=\"elementor-field-type-tel elementor-field-group elementor-column elementor-field-group-field_094d2fa elementor-col-50 elementor-field-required\">\n\t\t\t\t\t\t\t<input size=\"1\" type=\"tel\" name=\"form_fields[field_094d2fa]\" id=\"form-field-field_094d2fa\" class=\"elementor-field elementor-size-sm  elementor-field-textual\" placeholder=\"Telefoni\" required=\"required\" pattern=\"[0-9()#&amp;+*-=.]+\" title=\"Only numbers and phone characters (#, -, *, etc) are accepted.\">\n\n\t\t\t\t\t\t<\/div>\n\t\t\t\t\t\t\t\t<div class=\"elementor-field-type-textarea elementor-field-group elementor-column elementor-field-group-message elementor-col-100\">\n\t\t\t\t\t<textarea class=\"elementor-field-textual elementor-field  elementor-size-sm\" name=\"form_fields[message]\" id=\"form-field-message\" rows=\"4\" placeholder=\"Mesazhi\"><\/textarea>\t\t\t\t<\/div>\n\t\t\t\t\t\t\t\t<div class=\"elementor-field-type-acceptance elementor-field-group elementor-column elementor-field-group-field_6c104fd elementor-col-100\">\n\t\t\t\t\t\t\t<div class=\"elementor-field-subgroup\">\n\t\t\t<span class=\"elementor-field-option\">\n\t\t\t\t<input type=\"checkbox\" name=\"form_fields[field_6c104fd]\" id=\"form-field-field_6c104fd\" class=\"elementor-field elementor-size-sm  elementor-acceptance-field\">\n\t\t\t\t<label for=\"form-field-field_6c104fd\">Duke ofruar t\u00eb dh\u00ebnat tuaja m\u00eb lart, ju pranojuni t\u00eb kontaktoheni n\u00eb p\u00ebrputhje me kushtet e politik\u00ebs son\u00eb t\u00eb privat\u00ebsis\u00eb.<\/label>\t\t\t<\/span>\n\t\t<\/div>\n\t\t\t\t\t\t<\/div>\n\t\t\t\t\t\t\t\t<div class=\"elementor-field-type-recaptcha_v3 elementor-field-group elementor-column elementor-field-group-field_80ace1e elementor-col-100 recaptcha_v3-bottomright\">\n\t\t\t\t\t<div class=\"elementor-field\" id=\"form-field-field_80ace1e\"><div class=\"elementor-g-recaptcha\" data-sitekey=\"6LdHcAkrAAAAAAImlZ0IHLpb8DbyQ6dV-WnQs7Ya\" data-type=\"v3\" data-action=\"Form\" data-badge=\"bottomright\" data-size=\"invisible\"><\/div><\/div>\t\t\t\t<\/div>\n\t\t\t\t\t\t\t\t<div class=\"elementor-field-group elementor-column elementor-field-type-submit elementor-col-100 e-form__buttons\">\n\t\t\t\t\t<button class=\"elementor-button elementor-size-sm\" type=\"submit\">\n\t\t\t\t\t\t<span class=\"elementor-button-content-wrapper\">\n\t\t\t\t\t\t\t\t\t\t\t\t\t\t\t\t\t\t\t\t\t\t<span class=\"elementor-button-text\">D\u00ebrgo Mesazhin<\/span>\n\t\t\t\t\t\t\t\t\t\t\t\t\t<\/span>\n\t\t\t\t\t<\/button>\n\t\t\t\t<\/div>\n\t\t\t<\/div>\n\t\t<\/form>\n\t\t\t\t\t\t<\/div>\n\t\t\t\t<\/div>\n\t\t\t\t<\/div>\r\n\t\t\t\t<div class=\"elementor-element elementor-element-7c065b7 box-shadowfx elementor-widget elementor-widget-google_maps\" data-id=\"7c065b7\" data-element_type=\"widget\" data-e-type=\"widget\" data-widget_type=\"google_maps.default\">\n\t\t\t\t<div class=\"elementor-widget-container\">\n\t\t\t\t\t\t\t<div class=\"elementor-custom-embed\">\n\t\t\t<iframe loading=\"lazy\"\n\t\t\t\t\tsrc=\"https:\/\/maps.google.com\/maps?q=Bajze%2C%20Malesi%20e%20Madhe%204301%2C%20Albania&#038;t=m&#038;z=13&#038;output=embed&#038;iwloc=near\"\n\t\t\t\t\ttitle=\"Bajze, Malesi e Madhe 4301, Albania\"\n\t\t\t\t\taria-label=\"Bajze, Malesi e Madhe 4301, Albania\"\n\t\t\t><\/iframe>\n\t\t<\/div>\n\t\t\t\t\t\t<\/div>\n\t\t\t\t<\/div>\n\t\t\t\t\t<\/div>\r\n\t\t\t\t<\/div>\r\n\t\t\t\t<\/div>\n\t\t","protected":false},"excerpt":{"rendered":"<p>Tel +355 67 40 52 716 +355 69 72 56 891 Email info@mucaj-herbs.com Adresa Bajze, Malesi e Madhe 4301, Albania Plotoni formularin p\u00ebr t\u00eb na kontaktuar. Plotoni formularin m\u00eb posht\u00eb p\u00ebr t\u00eb marr\u00eb m\u00eb shum\u00eb informacion rreth sh\u00ebrbimeve tona. Ne jemi gati t&#8217;ju d\u00ebgjojm\u00eb dhe t\u00eb p\u00ebrgjigjemi pyetjeve tuaja. Faleminderit p\u00ebr besimin tuaj.<\/p>\n","protected":false},"author":1,"featured_media":0,"parent":0,"menu_order":0,"comment_status":"closed","ping_status":"closed","template":"","meta":{"footnotes":""},"class_list":["post-10799","page","type-page","status-publish","hentry"],"yoast_head":"<!-- This site is optimized with the Yoast SEO plugin v27.2 - https:\/\/yoast.com\/product\/yoast-seo-wordpress\/ -->\n<title>Kontakt | MUCAJ HERBS<\/title>\n<meta name=\"robots\" content=\"index, follow, max-snippet:-1, max-image-preview:large, max-video-preview:-1\" \/>\n<link rel=\"canonical\" href=\"https:\/\/mucaj-herbs.com\/sq\/kontakt\/\" \/>\n<meta property=\"og:locale\" content=\"sq_AL\" \/>\n<meta property=\"og:type\" content=\"article\" \/>\n<meta property=\"og:title\" content=\"Kontakt | MUCAJ HERBS\" \/>\n<meta property=\"og:description\" content=\"Tel +355 67 40 52 716 +355 69 72 56 891 Email info@mucaj-herbs.com Adresa Bajze, Malesi e Madhe 4301, Albania Plotoni formularin p\u00ebr t\u00eb na kontaktuar. Plotoni formularin m\u00eb posht\u00eb p\u00ebr t\u00eb marr\u00eb m\u00eb shum\u00eb informacion rreth sh\u00ebrbimeve tona. Ne jemi gati t&#8217;ju d\u00ebgjojm\u00eb dhe t\u00eb p\u00ebrgjigjemi pyetjeve tuaja. Faleminderit p\u00ebr besimin tuaj.\" \/>\n<meta property=\"og:url\" content=\"https:\/\/mucaj-herbs.com\/sq\/kontakt\/\" \/>\n<meta property=\"og:site_name\" content=\"MUCAJ HERBS\" \/>\n<meta property=\"article:modified_time\" content=\"2025-04-03T20:09:33+00:00\" \/>\n<meta property=\"og:image\" content=\"https:\/\/mucaj-herbs.com\/wp-content\/uploads\/2025\/03\/cropped-cropped-mucajlogo.webp\" \/>\n\t<meta property=\"og:image:width\" content=\"512\" \/>\n\t<meta property=\"og:image:height\" content=\"512\" \/>\n\t<meta property=\"og:image:type\" content=\"image\/webp\" \/>\n<meta name=\"twitter:card\" content=\"summary_large_image\" \/>\n<meta name=\"twitter:label1\" content=\"Est. reading time\" \/>\n\t<meta name=\"twitter:data1\" content=\"1 minute\" \/>\n<script type=\"application\/ld+json\" class=\"yoast-schema-graph\">{\"@context\":\"https:\/\/schema.org\",\"@graph\":[{\"@type\":\"WebPage\",\"@id\":\"https:\/\/mucaj-herbs.com\/sq\/kontakt\/\",\"url\":\"https:\/\/mucaj-herbs.com\/sq\/kontakt\/\",\"name\":\"Kontakt | MUCAJ HERBS\",\"isPartOf\":{\"@id\":\"https:\/\/mucaj-herbs.com\/sq\/#website\"},\"datePublished\":\"2024-10-25T09:09:50+00:00\",\"dateModified\":\"2025-04-03T20:09:33+00:00\",\"breadcrumb\":{\"@id\":\"https:\/\/mucaj-herbs.com\/sq\/kontakt\/#breadcrumb\"},\"inLanguage\":\"sq-AL\",\"potentialAction\":[{\"@type\":\"ReadAction\",\"target\":[\"https:\/\/mucaj-herbs.com\/sq\/kontakt\/\"]}]},{\"@type\":\"BreadcrumbList\",\"@id\":\"https:\/\/mucaj-herbs.com\/sq\/kontakt\/#breadcrumb\",\"itemListElement\":[{\"@type\":\"ListItem\",\"position\":1,\"name\":\"Home\",\"item\":\"https:\/\/mucaj-herbs.com\/sq\/\"},{\"@type\":\"ListItem\",\"position\":2,\"name\":\"Kontakt\"}]},{\"@type\":\"WebSite\",\"@id\":\"https:\/\/mucaj-herbs.com\/sq\/#website\",\"url\":\"https:\/\/mucaj-herbs.com\/sq\/\",\"name\":\"MUCAJ HERBS\",\"description\":\"Original Natural Herbs\",\"publisher\":{\"@id\":\"https:\/\/mucaj-herbs.com\/sq\/#organization\"},\"potentialAction\":[{\"@type\":\"SearchAction\",\"target\":{\"@type\":\"EntryPoint\",\"urlTemplate\":\"https:\/\/mucaj-herbs.com\/sq\/?s={search_term_string}\"},\"query-input\":{\"@type\":\"PropertyValueSpecification\",\"valueRequired\":true,\"valueName\":\"search_term_string\"}}],\"inLanguage\":\"sq-AL\"},{\"@type\":\"Organization\",\"@id\":\"https:\/\/mucaj-herbs.com\/sq\/#organization\",\"name\":\"MUCAJ HERBS\",\"url\":\"https:\/\/mucaj-herbs.com\/sq\/\",\"logo\":{\"@type\":\"ImageObject\",\"inLanguage\":\"sq-AL\",\"@id\":\"https:\/\/mucaj-herbs.com\/sq\/#\/schema\/logo\/image\/\",\"url\":\"https:\/\/mucaj-herbs.com\/wp-content\/uploads\/2025\/03\/cropped-cropped-mucajlogo.webp\",\"contentUrl\":\"https:\/\/mucaj-herbs.com\/wp-content\/uploads\/2025\/03\/cropped-cropped-mucajlogo.webp\",\"width\":512,\"height\":512,\"caption\":\"MUCAJ HERBS\"},\"image\":{\"@id\":\"https:\/\/mucaj-herbs.com\/sq\/#\/schema\/logo\/image\/\"}}]}<\/script>\n<!-- \/ Yoast SEO plugin. -->","yoast_head_json":{"title":"Kontakt | MUCAJ HERBS","robots":{"index":"index","follow":"follow","max-snippet":"max-snippet:-1","max-image-preview":"max-image-preview:large","max-video-preview":"max-video-preview:-1"},"canonical":"https:\/\/mucaj-herbs.com\/sq\/kontakt\/","og_locale":"sq_AL","og_type":"article","og_title":"Kontakt | MUCAJ HERBS","og_description":"Tel +355 67 40 52 716 +355 69 72 56 891 Email info@mucaj-herbs.com Adresa Bajze, Malesi e Madhe 4301, Albania Plotoni formularin p\u00ebr t\u00eb na kontaktuar. Plotoni formularin m\u00eb posht\u00eb p\u00ebr t\u00eb marr\u00eb m\u00eb shum\u00eb informacion rreth sh\u00ebrbimeve tona. Ne jemi gati t&#8217;ju d\u00ebgjojm\u00eb dhe t\u00eb p\u00ebrgjigjemi pyetjeve tuaja. Faleminderit p\u00ebr besimin tuaj.","og_url":"https:\/\/mucaj-herbs.com\/sq\/kontakt\/","og_site_name":"MUCAJ HERBS","article_modified_time":"2025-04-03T20:09:33+00:00","og_image":[{"width":512,"height":512,"url":"https:\/\/mucaj-herbs.com\/wp-content\/uploads\/2025\/03\/cropped-cropped-mucajlogo.webp","type":"image\/webp"}],"twitter_card":"summary_large_image","twitter_misc":{"Est. reading time":"1 minute"},"schema":{"@context":"https:\/\/schema.org","@graph":[{"@type":"WebPage","@id":"https:\/\/mucaj-herbs.com\/sq\/kontakt\/","url":"https:\/\/mucaj-herbs.com\/sq\/kontakt\/","name":"Kontakt | MUCAJ HERBS","isPartOf":{"@id":"https:\/\/mucaj-herbs.com\/sq\/#website"},"datePublished":"2024-10-25T09:09:50+00:00","dateModified":"2025-04-03T20:09:33+00:00","breadcrumb":{"@id":"https:\/\/mucaj-herbs.com\/sq\/kontakt\/#breadcrumb"},"inLanguage":"sq-AL","potentialAction":[{"@type":"ReadAction","target":["https:\/\/mucaj-herbs.com\/sq\/kontakt\/"]}]},{"@type":"BreadcrumbList","@id":"https:\/\/mucaj-herbs.com\/sq\/kontakt\/#breadcrumb","itemListElement":[{"@type":"ListItem","position":1,"name":"Home","item":"https:\/\/mucaj-herbs.com\/sq\/"},{"@type":"ListItem","position":2,"name":"Kontakt"}]},{"@type":"WebSite","@id":"https:\/\/mucaj-herbs.com\/sq\/#website","url":"https:\/\/mucaj-herbs.com\/sq\/","name":"MUCAJ HERBS","description":"Original Natural Herbs","publisher":{"@id":"https:\/\/mucaj-herbs.com\/sq\/#organization"},"potentialAction":[{"@type":"SearchAction","target":{"@type":"EntryPoint","urlTemplate":"https:\/\/mucaj-herbs.com\/sq\/?s={search_term_string}"},"query-input":{"@type":"PropertyValueSpecification","valueRequired":true,"valueName":"search_term_string"}}],"inLanguage":"sq-AL"},{"@type":"Organization","@id":"https:\/\/mucaj-herbs.com\/sq\/#organization","name":"MUCAJ HERBS","url":"https:\/\/mucaj-herbs.com\/sq\/","logo":{"@type":"ImageObject","inLanguage":"sq-AL","@id":"https:\/\/mucaj-herbs.com\/sq\/#\/schema\/logo\/image\/","url":"https:\/\/mucaj-herbs.com\/wp-content\/uploads\/2025\/03\/cropped-cropped-mucajlogo.webp","contentUrl":"https:\/\/mucaj-herbs.com\/wp-content\/uploads\/2025\/03\/cropped-cropped-mucajlogo.webp","width":512,"height":512,"caption":"MUCAJ HERBS"},"image":{"@id":"https:\/\/mucaj-herbs.com\/sq\/#\/schema\/logo\/image\/"}}]}},"_links":{"self":[{"href":"https:\/\/mucaj-herbs.com\/sq\/wp-json\/wp\/v2\/pages\/10799","targetHints":{"allow":["GET"]}}],"collection":[{"href":"https:\/\/mucaj-herbs.com\/sq\/wp-json\/wp\/v2\/pages"}],"about":[{"href":"https:\/\/mucaj-herbs.com\/sq\/wp-json\/wp\/v2\/types\/page"}],"author":[{"embeddable":true,"href":"https:\/\/mucaj-herbs.com\/sq\/wp-json\/wp\/v2\/users\/1"}],"replies":[{"embeddable":true,"href":"https:\/\/mucaj-herbs.com\/sq\/wp-json\/wp\/v2\/comments?post=10799"}],"version-history":[{"count":0,"href":"https:\/\/mucaj-herbs.com\/sq\/wp-json\/wp\/v2\/pages\/10799\/revisions"}],"wp:attachment":[{"href":"https:\/\/mucaj-herbs.com\/sq\/wp-json\/wp\/v2\/media?parent=10799"}],"curies":[{"name":"wp","href":"https:\/\/api.w.org\/{rel}","templated":true}]}}