{"id":10788,"date":"2024-10-25T09:07:02","date_gmt":"2024-10-25T09:07:02","guid":{"rendered":"https:\/\/mucaj-herbs.com\/about-us\/"},"modified":"2025-03-26T14:47:34","modified_gmt":"2025-03-26T14:47:34","slug":"rreth-nesh","status":"publish","type":"page","link":"https:\/\/mucaj-herbs.com\/sq\/rreth-nesh\/","title":{"rendered":"Rreth Nesh"},"content":{"rendered":"\t\t<div data-elementor-type=\"wp-page\" data-elementor-id=\"10788\" class=\"elementor elementor-10788 elementor-191\" data-elementor-post-type=\"page\">\n\t\t\t\t        <section class=\"elementor-section elementor-top-section elementor-element elementor-element-5110371 elementor-section-boxed elementor-section-height-default elementor-section-height-default pxl-row-scroll-none pxl-bg-color-none pxl-section-overlay-none\" data-id=\"5110371\" data-element_type=\"section\" data-e-type=\"section\">\n\n                \n                <div class=\"elementor-container elementor-column-gap-default \">\n                <div class=\"elementor-column elementor-col-50 elementor-top-column elementor-element elementor-element-36e727b pxl-column-none\" data-id=\"36e727b\" data-element_type=\"column\" data-e-type=\"column\">\r\n        <div class=\"elementor-widget-wrap elementor-element-populated\">\r\n                     \r\n        \t\t<div class=\"elementor-element elementor-element-3244f88 elementor-widget elementor-widget-pxl_heading\" data-id=\"3244f88\" data-element_type=\"widget\" data-e-type=\"widget\" data-widget_type=\"pxl_heading.default\">\n\t\t\t\t<div class=\"elementor-widget-container\">\n\t\t\t\t\t<div id=\"pxl-pxl_heading-3244f88-5514\" class=\"pxl-heading px-sub-title-default-style\">\n\t<div class=\"pxl-heading--inner\">\n\t\t\n\t\t\t\t\t<div class=\"pxl-item--subtitle px-sub-title-default \" data-wow-delay=\"ms\">\n\t\t\t\t\t\t\t\t<span class=\"pxl-item--subtext\">\n\t\t\t\t\tMucaj Herbs\t\t\t\t<\/span>\n\t\t\t<\/div>\n\t\t\n\t\t<h3 class=\"pxl-item--title wow fadeInUp\" data-wow-delay=\"ms\">\n\t\t\tBim\u00eb natyrale origjinale\t\t\n\t\t<\/h3>\n\n\t\t\n\t\t\n\t\t\t\t\n\t<\/div>\n<\/div>\t\t\t\t<\/div>\n\t\t\t\t<\/div>\n\t\t\t\t<div class=\"elementor-element elementor-element-7afb23a elementor-widget__width-initial elementor-widget elementor-widget-pxl_text_editor\" data-id=\"7afb23a\" data-element_type=\"widget\" data-e-type=\"widget\" data-widget_type=\"pxl_text_editor.default\">\n\t\t\t\t<div class=\"elementor-widget-container\">\n\t\t\t\t\t<div id=\"pxl_text_editor-7afb23a-1601\" class=\"pxl-image-wg\" duration=\"1\">\n\t<div class=\"pxl-text-editor\">\n\t\t<div class=\"pxl-item--inner \" data-wow-delay=\"ms\">\n\t\t\t<p>E vendosur n\u00eb Bajz\u00eb &#8211; Mal\u00ebsi e Madhe, pran\u00eb Alpeve Shqiptare, kompania ndodhet n\u00eb zem\u00ebr t\u00eb zonave ku shum\u00eb bim\u00eb medicinale dhe aromatike si shafrani i zyr\u00ebs, lulekastruni, boronica, pisha, sherebel\u00eb mali, maja e majit, rigoni, lavandina, etj. kan\u00eb vler\u00ebn m\u00eb t\u00eb lart\u00eb natyrore ose rriten n\u00eb natyr\u00eb.<\/p><p>P\u00ebr t&#8217;u p\u00ebrputhur me standardet rigoroze n\u00eb industrin\u00eb farmaceutike dhe t\u00eb ushqimit, MUCAJ HERBS ka dedikuar nj\u00eb p\u00ebrpjekje t\u00eb madhe p\u00ebr t\u00eb siguruar l\u00ebnd\u00ebt e para t\u00eb bim\u00ebve nga nj\u00eb rrjet i gjer\u00eb me qindra mbledh\u00ebs individual\u00eb dhe kolektor\u00eb rajonal\u00eb, kryesisht t\u00eb vendosur n\u00eb Shqip\u00ebrin\u00eb Veriore, por gjithashtu edhe nga burime t\u00eb ndryshme t\u00eb Shqip\u00ebris\u00eb Qendrore dhe Jugore.<\/p><p>N\u00eb dekad\u00ebn e fundit, kompania jon\u00eb ka nisur me sukses dhe me cil\u00ebsi t\u00eb lart\u00eb distilimin e vajrave esenciale natyrale, n\u00eb cil\u00ebsi konvencionale dhe\/ose organike\/bio.<\/p><p><strong>Sasi<\/strong><\/p><p>MUCAJ HERBS \u00ebsht\u00eb nj\u00eb nga kompanit\u00eb e para private shqiptare q\u00eb eksporton shafran me nj\u00eb sasi t\u00eb rregullt vjetore prej rreth 1000 ton\/vit, destinacioni p\u00ebrfundimtar SHBA. Rreth 80% e l\u00ebnd\u00ebs s\u00eb pap\u00ebrpunuar t\u00eb shafranit, lloji officinalis\/dalmate, mblidhet n\u00eb zon\u00ebn e Mal\u00ebsis\u00eb s\u00eb Madhe dhe n\u00eb zona t\u00eb tjera t\u00eb Veriut, ku natyra \u00ebsht\u00eb ende e virgj\u00ebr.<\/p>\t\t\n\t\t<\/div>\n\t<\/div>\n<\/div>\t\t\t\t<\/div>\n\t\t\t\t<\/div>\n\t\t            <\/div>\r\n        <\/div>\r\n                <div class=\"elementor-column elementor-col-50 elementor-top-column elementor-element elementor-element-b7d440e pxl-column-none\" data-id=\"b7d440e\" data-element_type=\"column\" data-e-type=\"column\">\r\n        <div class=\"elementor-widget-wrap elementor-element-populated\">\r\n                     \r\n        \t\t<div class=\"elementor-element elementor-element-36cf500 elementor-widget elementor-widget-pxl_image\" data-id=\"36cf500\" data-element_type=\"widget\" data-e-type=\"widget\" data-widget_type=\"pxl_image.default\">\n\t\t\t\t<div class=\"elementor-widget-container\">\n\t\t\t\t\t<div id=\"pxl_image-36cf500-5294\" class=\"pxl-image-single  style-default wow fadeInUp\" data-wow-delay=\"600ms\" >\r\n    <div class=\"pxl-item--inner \" data-wow-delay=\"120ms\">\r\n        \r\n                                <div class=\"pxl-item--image\" data-parallax-value=\"\">\r\n                        <div id=\"pxl_image-36cf500-7214\" class=\"pxl-image-wg\" duration=\"1\">\r\n                                                            <img fetchpriority=\"high\" decoding=\"async\" width=\"1707\" height=\"2560\" src=\"https:\/\/mucaj-herbs.com\/wp-content\/uploads\/2025\/03\/dried-autumn-flowers-representing-indian-sanchi-stupa-art-scaled.webp\" class=\"no-lazyload attachment-full\" alt=\"\" \/>                                                    <\/div>\r\n                    <\/div>\r\n                            \r\n            <\/div>\r\n<\/div>\t\t\t\t<\/div>\n\t\t\t\t<\/div>\n\t\t            <\/div>\r\n        <\/div>\r\n        \t\t\t<\/div>\n\t\t<\/section>\n\t\t        <section class=\"elementor-section elementor-top-section elementor-element elementor-element-b6e9589 elementor-section-stretched pxl-gradient pxl-row-scroll-fixed elementor-section-boxed elementor-section-height-default elementor-section-height-default pxl-bg-color-none pxl-section-overlay-none\" data-id=\"b6e9589\" data-element_type=\"section\" data-e-type=\"section\" data-settings=\"{&quot;stretch_section&quot;:&quot;section-stretched&quot;,&quot;background_background&quot;:&quot;classic&quot;}\">\n\n        <div class=\"pxl-section-bg-parallax pxl--parallax\" data-stellar-background-ratio=\"0.5\" data-parallax=\"[]\"><\/div>                    <div class=\"elementor-background-overlay\"><\/div>\n            \n                <div class=\"elementor-container elementor-column-gap-extended \">\n                <div class=\"elementor-column elementor-col-100 elementor-top-column elementor-element elementor-element-762a0b5 pxl-column-none\" data-id=\"762a0b5\" data-element_type=\"column\" data-e-type=\"column\">\r\n        <div class=\"elementor-widget-wrap elementor-element-populated\">\r\n                     \r\n        \t\t<div class=\"elementor-element elementor-element-dec24a3 elementor-widget elementor-widget-pxl_text_editor\" data-id=\"dec24a3\" data-element_type=\"widget\" data-e-type=\"widget\" data-widget_type=\"pxl_text_editor.default\">\n\t\t\t\t<div class=\"elementor-widget-container\">\n\t\t\t\t\t<div id=\"pxl_text_editor-dec24a3-8598\" class=\"pxl-image-wg\" duration=\"1\">\n\t<div class=\"pxl-text-editor\">\n\t\t<div class=\"pxl-item--inner \" data-wow-delay=\"ms\">\n\t\t\tKeni ndonj\u00eb pyetje?<br>\nMos hezitoni t\u00eb na kontaktoni,<br>\njemi t\u00eb lumtur t&#8217;ju ndihmojm\u00eb!\t\t\n\t\t<\/div>\n\t<\/div>\n<\/div>\t\t\t\t<\/div>\n\t\t\t\t<\/div>\n\t\t\t\t<div class=\"elementor-element elementor-element-2e83890 elementor-widget__width-auto custom-hover-fx elementor-align-center elementor-invisible elementor-widget elementor-widget-button\" data-id=\"2e83890\" data-element_type=\"widget\" data-e-type=\"widget\" data-settings=\"{&quot;_animation&quot;:&quot;fadeInUp&quot;,&quot;_animation_delay&quot;:800}\" data-widget_type=\"button.default\">\n\t\t\t\t<div class=\"elementor-widget-container\">\n\t\t\t\t\t\t\t\t\t<div class=\"elementor-button-wrapper\">\n\t\t\t\t\t<a class=\"elementor-button elementor-button-link elementor-size-sm\" href=\"https:\/\/mucaj-herbs.com\/sq\/kontakt\/\">\n\t\t\t\t\t\t<span class=\"elementor-button-content-wrapper\">\n\t\t\t\t\t\t<span class=\"elementor-button-icon\">\n\t\t\t\t<i aria-hidden=\"true\" class=\"icofont icofont-long-arrow-right\"><\/i>\t\t\t<\/span>\n\t\t\t\t\t\t\t\t\t<span class=\"elementor-button-text\">Lexo m\u00eb shum\u00eb<\/span>\n\t\t\t\t\t<\/span>\n\t\t\t\t\t<\/a>\n\t\t\t\t<\/div>\n\t\t\t\t\t\t\t\t<\/div>\n\t\t\t\t<\/div>\n\t\t            <\/div>\r\n        <\/div>\r\n        \t\t\t<\/div>\n\t\t<\/section>\n\t\t\t\t<\/div>\n\t\t","protected":false},"excerpt":{"rendered":"<p>Mucaj Herbs Bim\u00eb natyrale origjinale E vendosur n\u00eb Bajz\u00eb &#8211; Mal\u00ebsi e Madhe, pran\u00eb Alpeve Shqiptare, kompania ndodhet n\u00eb zem\u00ebr t\u00eb zonave ku shum\u00eb bim\u00eb medicinale dhe aromatike si shafrani i zyr\u00ebs, lulekastruni, boronica, pisha, sherebel\u00eb mali, maja e majit, rigoni, lavandina, etj. kan\u00eb vler\u00ebn m\u00eb t\u00eb lart\u00eb natyrore ose rriten n\u00eb natyr\u00eb. P\u00ebr t&#8217;u [&hellip;]<\/p>\n","protected":false},"author":1,"featured_media":0,"parent":0,"menu_order":0,"comment_status":"closed","ping_status":"closed","template":"","meta":{"footnotes":""},"class_list":["post-10788","page","type-page","status-publish","hentry"],"yoast_head":"<!-- This site is optimized with the Yoast SEO plugin v27.2 - https:\/\/yoast.com\/product\/yoast-seo-wordpress\/ -->\n<title>Rreth Nesh | MUCAJ HERBS<\/title>\n<meta name=\"robots\" content=\"index, follow, max-snippet:-1, max-image-preview:large, max-video-preview:-1\" \/>\n<link rel=\"canonical\" href=\"https:\/\/mucaj-herbs.com\/sq\/rreth-nesh\/\" \/>\n<meta property=\"og:locale\" content=\"sq_AL\" \/>\n<meta property=\"og:type\" content=\"article\" \/>\n<meta property=\"og:title\" content=\"Rreth Nesh | MUCAJ HERBS\" \/>\n<meta property=\"og:description\" content=\"Mucaj Herbs Bim\u00eb natyrale origjinale E vendosur n\u00eb Bajz\u00eb &#8211; Mal\u00ebsi e Madhe, pran\u00eb Alpeve Shqiptare, kompania ndodhet n\u00eb zem\u00ebr t\u00eb zonave ku shum\u00eb bim\u00eb medicinale dhe aromatike si shafrani i zyr\u00ebs, lulekastruni, boronica, pisha, sherebel\u00eb mali, maja e majit, rigoni, lavandina, etj. kan\u00eb vler\u00ebn m\u00eb t\u00eb lart\u00eb natyrore ose rriten n\u00eb natyr\u00eb. P\u00ebr t&#8217;u [&hellip;]\" \/>\n<meta property=\"og:url\" content=\"https:\/\/mucaj-herbs.com\/sq\/rreth-nesh\/\" \/>\n<meta property=\"og:site_name\" content=\"MUCAJ HERBS\" \/>\n<meta property=\"article:modified_time\" content=\"2025-03-26T14:47:34+00:00\" \/>\n<meta property=\"og:image\" content=\"https:\/\/mucaj-herbs.com\/wp-content\/uploads\/2025\/03\/dried-autumn-flowers-representing-indian-sanchi-stupa-art-scaled.webp\" \/>\n<meta name=\"twitter:card\" content=\"summary_large_image\" \/>\n<meta name=\"twitter:label1\" content=\"Est. reading time\" \/>\n\t<meta name=\"twitter:data1\" content=\"2 minutes\" \/>\n<script type=\"application\/ld+json\" class=\"yoast-schema-graph\">{\"@context\":\"https:\/\/schema.org\",\"@graph\":[{\"@type\":\"WebPage\",\"@id\":\"https:\/\/mucaj-herbs.com\/sq\/rreth-nesh\/\",\"url\":\"https:\/\/mucaj-herbs.com\/sq\/rreth-nesh\/\",\"name\":\"Rreth Nesh | MUCAJ HERBS\",\"isPartOf\":{\"@id\":\"https:\/\/mucaj-herbs.com\/sq\/#website\"},\"primaryImageOfPage\":{\"@id\":\"https:\/\/mucaj-herbs.com\/sq\/rreth-nesh\/#primaryimage\"},\"image\":{\"@id\":\"https:\/\/mucaj-herbs.com\/sq\/rreth-nesh\/#primaryimage\"},\"thumbnailUrl\":\"https:\/\/mucaj-herbs.com\/wp-content\/uploads\/2025\/03\/dried-autumn-flowers-representing-indian-sanchi-stupa-art-scaled.webp\",\"datePublished\":\"2024-10-25T09:07:02+00:00\",\"dateModified\":\"2025-03-26T14:47:34+00:00\",\"breadcrumb\":{\"@id\":\"https:\/\/mucaj-herbs.com\/sq\/rreth-nesh\/#breadcrumb\"},\"inLanguage\":\"sq-AL\",\"potentialAction\":[{\"@type\":\"ReadAction\",\"target\":[\"https:\/\/mucaj-herbs.com\/sq\/rreth-nesh\/\"]}]},{\"@type\":\"ImageObject\",\"inLanguage\":\"sq-AL\",\"@id\":\"https:\/\/mucaj-herbs.com\/sq\/rreth-nesh\/#primaryimage\",\"url\":\"https:\/\/mucaj-herbs.com\/wp-content\/uploads\/2025\/03\/dried-autumn-flowers-representing-indian-sanchi-stupa-art-scaled.webp\",\"contentUrl\":\"https:\/\/mucaj-herbs.com\/wp-content\/uploads\/2025\/03\/dried-autumn-flowers-representing-indian-sanchi-stupa-art-scaled.webp\"},{\"@type\":\"BreadcrumbList\",\"@id\":\"https:\/\/mucaj-herbs.com\/sq\/rreth-nesh\/#breadcrumb\",\"itemListElement\":[{\"@type\":\"ListItem\",\"position\":1,\"name\":\"Home\",\"item\":\"https:\/\/mucaj-herbs.com\/sq\/\"},{\"@type\":\"ListItem\",\"position\":2,\"name\":\"Rreth Nesh\"}]},{\"@type\":\"WebSite\",\"@id\":\"https:\/\/mucaj-herbs.com\/sq\/#website\",\"url\":\"https:\/\/mucaj-herbs.com\/sq\/\",\"name\":\"MUCAJ HERBS\",\"description\":\"Original Natural Herbs\",\"publisher\":{\"@id\":\"https:\/\/mucaj-herbs.com\/sq\/#organization\"},\"potentialAction\":[{\"@type\":\"SearchAction\",\"target\":{\"@type\":\"EntryPoint\",\"urlTemplate\":\"https:\/\/mucaj-herbs.com\/sq\/?s={search_term_string}\"},\"query-input\":{\"@type\":\"PropertyValueSpecification\",\"valueRequired\":true,\"valueName\":\"search_term_string\"}}],\"inLanguage\":\"sq-AL\"},{\"@type\":\"Organization\",\"@id\":\"https:\/\/mucaj-herbs.com\/sq\/#organization\",\"name\":\"MUCAJ HERBS\",\"url\":\"https:\/\/mucaj-herbs.com\/sq\/\",\"logo\":{\"@type\":\"ImageObject\",\"inLanguage\":\"sq-AL\",\"@id\":\"https:\/\/mucaj-herbs.com\/sq\/#\/schema\/logo\/image\/\",\"url\":\"https:\/\/mucaj-herbs.com\/wp-content\/uploads\/2025\/03\/cropped-cropped-mucajlogo.webp\",\"contentUrl\":\"https:\/\/mucaj-herbs.com\/wp-content\/uploads\/2025\/03\/cropped-cropped-mucajlogo.webp\",\"width\":512,\"height\":512,\"caption\":\"MUCAJ HERBS\"},\"image\":{\"@id\":\"https:\/\/mucaj-herbs.com\/sq\/#\/schema\/logo\/image\/\"}}]}<\/script>\n<!-- \/ Yoast SEO plugin. -->","yoast_head_json":{"title":"Rreth Nesh | MUCAJ HERBS","robots":{"index":"index","follow":"follow","max-snippet":"max-snippet:-1","max-image-preview":"max-image-preview:large","max-video-preview":"max-video-preview:-1"},"canonical":"https:\/\/mucaj-herbs.com\/sq\/rreth-nesh\/","og_locale":"sq_AL","og_type":"article","og_title":"Rreth Nesh | MUCAJ HERBS","og_description":"Mucaj Herbs Bim\u00eb natyrale origjinale E vendosur n\u00eb Bajz\u00eb &#8211; Mal\u00ebsi e Madhe, pran\u00eb Alpeve Shqiptare, kompania ndodhet n\u00eb zem\u00ebr t\u00eb zonave ku shum\u00eb bim\u00eb medicinale dhe aromatike si shafrani i zyr\u00ebs, lulekastruni, boronica, pisha, sherebel\u00eb mali, maja e majit, rigoni, lavandina, etj. kan\u00eb vler\u00ebn m\u00eb t\u00eb lart\u00eb natyrore ose rriten n\u00eb natyr\u00eb. P\u00ebr t&#8217;u [&hellip;]","og_url":"https:\/\/mucaj-herbs.com\/sq\/rreth-nesh\/","og_site_name":"MUCAJ HERBS","article_modified_time":"2025-03-26T14:47:34+00:00","og_image":[{"url":"https:\/\/mucaj-herbs.com\/wp-content\/uploads\/2025\/03\/dried-autumn-flowers-representing-indian-sanchi-stupa-art-scaled.webp","type":"","width":"","height":""}],"twitter_card":"summary_large_image","twitter_misc":{"Est. reading time":"2 minutes"},"schema":{"@context":"https:\/\/schema.org","@graph":[{"@type":"WebPage","@id":"https:\/\/mucaj-herbs.com\/sq\/rreth-nesh\/","url":"https:\/\/mucaj-herbs.com\/sq\/rreth-nesh\/","name":"Rreth Nesh | MUCAJ HERBS","isPartOf":{"@id":"https:\/\/mucaj-herbs.com\/sq\/#website"},"primaryImageOfPage":{"@id":"https:\/\/mucaj-herbs.com\/sq\/rreth-nesh\/#primaryimage"},"image":{"@id":"https:\/\/mucaj-herbs.com\/sq\/rreth-nesh\/#primaryimage"},"thumbnailUrl":"https:\/\/mucaj-herbs.com\/wp-content\/uploads\/2025\/03\/dried-autumn-flowers-representing-indian-sanchi-stupa-art-scaled.webp","datePublished":"2024-10-25T09:07:02+00:00","dateModified":"2025-03-26T14:47:34+00:00","breadcrumb":{"@id":"https:\/\/mucaj-herbs.com\/sq\/rreth-nesh\/#breadcrumb"},"inLanguage":"sq-AL","potentialAction":[{"@type":"ReadAction","target":["https:\/\/mucaj-herbs.com\/sq\/rreth-nesh\/"]}]},{"@type":"ImageObject","inLanguage":"sq-AL","@id":"https:\/\/mucaj-herbs.com\/sq\/rreth-nesh\/#primaryimage","url":"https:\/\/mucaj-herbs.com\/wp-content\/uploads\/2025\/03\/dried-autumn-flowers-representing-indian-sanchi-stupa-art-scaled.webp","contentUrl":"https:\/\/mucaj-herbs.com\/wp-content\/uploads\/2025\/03\/dried-autumn-flowers-representing-indian-sanchi-stupa-art-scaled.webp"},{"@type":"BreadcrumbList","@id":"https:\/\/mucaj-herbs.com\/sq\/rreth-nesh\/#breadcrumb","itemListElement":[{"@type":"ListItem","position":1,"name":"Home","item":"https:\/\/mucaj-herbs.com\/sq\/"},{"@type":"ListItem","position":2,"name":"Rreth Nesh"}]},{"@type":"WebSite","@id":"https:\/\/mucaj-herbs.com\/sq\/#website","url":"https:\/\/mucaj-herbs.com\/sq\/","name":"MUCAJ HERBS","description":"Original Natural Herbs","publisher":{"@id":"https:\/\/mucaj-herbs.com\/sq\/#organization"},"potentialAction":[{"@type":"SearchAction","target":{"@type":"EntryPoint","urlTemplate":"https:\/\/mucaj-herbs.com\/sq\/?s={search_term_string}"},"query-input":{"@type":"PropertyValueSpecification","valueRequired":true,"valueName":"search_term_string"}}],"inLanguage":"sq-AL"},{"@type":"Organization","@id":"https:\/\/mucaj-herbs.com\/sq\/#organization","name":"MUCAJ HERBS","url":"https:\/\/mucaj-herbs.com\/sq\/","logo":{"@type":"ImageObject","inLanguage":"sq-AL","@id":"https:\/\/mucaj-herbs.com\/sq\/#\/schema\/logo\/image\/","url":"https:\/\/mucaj-herbs.com\/wp-content\/uploads\/2025\/03\/cropped-cropped-mucajlogo.webp","contentUrl":"https:\/\/mucaj-herbs.com\/wp-content\/uploads\/2025\/03\/cropped-cropped-mucajlogo.webp","width":512,"height":512,"caption":"MUCAJ HERBS"},"image":{"@id":"https:\/\/mucaj-herbs.com\/sq\/#\/schema\/logo\/image\/"}}]}},"_links":{"self":[{"href":"https:\/\/mucaj-herbs.com\/sq\/wp-json\/wp\/v2\/pages\/10788","targetHints":{"allow":["GET"]}}],"collection":[{"href":"https:\/\/mucaj-herbs.com\/sq\/wp-json\/wp\/v2\/pages"}],"about":[{"href":"https:\/\/mucaj-herbs.com\/sq\/wp-json\/wp\/v2\/types\/page"}],"author":[{"embeddable":true,"href":"https:\/\/mucaj-herbs.com\/sq\/wp-json\/wp\/v2\/users\/1"}],"replies":[{"embeddable":true,"href":"https:\/\/mucaj-herbs.com\/sq\/wp-json\/wp\/v2\/comments?post=10788"}],"version-history":[{"count":0,"href":"https:\/\/mucaj-herbs.com\/sq\/wp-json\/wp\/v2\/pages\/10788\/revisions"}],"wp:attachment":[{"href":"https:\/\/mucaj-herbs.com\/sq\/wp-json\/wp\/v2\/media?parent=10788"}],"curies":[{"name":"wp","href":"https:\/\/api.w.org\/{rel}","templated":true}]}}